{"id":6674,"date":"2026-04-22T18:22:24","date_gmt":"2026-04-22T18:22:24","guid":{"rendered":"https:\/\/drbgmed.davi.dev.br\/?post_type=product&#038;p=6674"},"modified":"2026-04-23T18:28:06","modified_gmt":"2026-04-23T18:28:06","slug":"reposicao-hormonal-com-manipulados-e-injetaveis","status":"publish","type":"product","link":"https:\/\/doctorgmed.com\/en\/product\/reposicao-hormonal-com-manipulados-e-injetaveis\/","title":{"rendered":"Hormone Replacement Therapy with Compounded and Injectable Medications"},"content":{"rendered":"<h2>How does the treatment work?<\/h2>\n<p>Hormone replacement therapy using compounded formulas and injectable routes utilizes hormones tailored to your body&#039;s exact biochemical needs. Whether through intramuscular injections or the use of exclusive formulations, the treatment ensures you receive the perfect dose and the best absorption route to safely restore your physiological balance.<\/p>\n<h2>What is it for?<\/h2>\n<ul>\n<li><strong>Combat fatigue and slow metabolism.<\/strong><\/li>\n<li><strong>Relieving the symptoms of menopause and andropause.<\/strong><\/li>\n<li><strong>Treating mood swings and low libido<\/strong><\/li>\n<li><strong>Restore energy and optimal hormone levels.<\/strong><\/li>\n<\/ul>\n<h2>Main benefits<\/h2>\n<ul>\n<li>Fully customized dosages (gels, creams or tablets).<\/li>\n<li>Rapid absorption and powerful results via injection.<\/li>\n<li>Restoring libido, improving sexual performance, and maintaining lean muscle mass.<\/li>\n<li>Optimizing sleep quality, mental clarity, and continuous well-being.<\/li>\n<\/ul>","protected":false},"excerpt":{"rendered":"<p>Hormone replacement therapy with compounded and injectable medications offers a highly personalized approach to your endocrine balance. While compounded formulas allow for precise dosage adjustments in convenient formats (such as gels, creams, and capsules), injectables ensure rapid absorption, potent efficacy, and practicality. Combined or used strategically, these methods combat fatigue, mood swings, low libido, and symptoms of menopause or andropause. It is a tailor-made treatment that promotes health, vitality, and well-being, with specialized medical monitoring for safe and effective results.<\/p>","protected":false},"featured_media":6677,"comment_status":"closed","ping_status":"closed","template":"","meta":[],"product_brand":[],"product_cat":[27],"product_tag":[],"class_list":{"0":"post-6674","1":"product","2":"type-product","3":"status-publish","4":"has-post-thumbnail","6":"product_cat-terapia-hormonal","8":"first","9":"instock","10":"shipping-taxable","11":"product-type-simple"},"yoast_head":"<!-- This site is optimized with the Yoast SEO Premium plugin v27.4 (Yoast SEO v27.6) - https:\/\/yoast.com\/product\/yoast-seo-premium-wordpress\/ -->\n<title>Reposi\u00e7\u00e3o Hormonal com Manipulados e Injet\u00e1veis - Doctor G Medical Excellence: Health Well-being and Longevity<\/title>\n<meta name=\"description\" content=\"Doctor G Medical Excellence | 4243 W Hillsboro blvd Coconut Creek, 33073, FL United States \ud83d\udcde +1 (954) 638-1515\" \/>\n<meta name=\"robots\" content=\"index, follow, max-snippet:-1, max-image-preview:large, max-video-preview:-1\" \/>\n<link rel=\"canonical\" href=\"https:\/\/doctorgmed.com\/en\/product\/reposicao-hormonal-com-manipulados-e-injetaveis\/\" \/>\n<meta property=\"og:locale\" content=\"en_US\" \/>\n<meta property=\"og:type\" content=\"article\" \/>\n<meta property=\"og:title\" content=\"Reposi\u00e7\u00e3o Hormonal com Manipulados e Injet\u00e1veis\" \/>\n<meta property=\"og:description\" content=\"Doctor G Medical Excellence | 4243 W Hillsboro blvd Coconut Creek, 33073, FL United States \ud83d\udcde +1 (954) 638-1515\" \/>\n<meta property=\"og:url\" content=\"https:\/\/doctorgmed.com\/en\/product\/reposicao-hormonal-com-manipulados-e-injetaveis\/\" \/>\n<meta property=\"og:site_name\" content=\"Doctor G Medical Excellence: Health Well-being and Longevity\" \/>\n<meta property=\"article:modified_time\" content=\"2026-04-23T18:28:06+00:00\" \/>\n<meta property=\"og:image\" content=\"https:\/\/doctorgmed.com\/wp-content\/uploads\/2026\/04\/gemini_generated_image_o520ooo520ooo520-removebg-preview.png\" \/>\n\t<meta property=\"og:image:width\" content=\"500\" \/>\n\t<meta property=\"og:image:height\" content=\"500\" \/>\n\t<meta property=\"og:image:type\" content=\"image\/png\" \/>\n<meta name=\"twitter:card\" content=\"summary_large_image\" \/>\n<meta name=\"twitter:label1\" content=\"Price\" \/>\n\t<meta name=\"twitter:data1\" content=\"\" \/>\n\t<meta name=\"twitter:label2\" content=\"Availability\" \/>\n\t<meta name=\"twitter:data2\" content=\"In stock\" \/>\n<script type=\"application\/ld+json\" class=\"yoast-schema-graph\">{\"@context\":\"https:\\\/\\\/schema.org\",\"@graph\":[{\"@type\":\"WebPage\",\"@id\":\"https:\\\/\\\/doctorgmed.com\\\/produto\\\/reposicao-hormonal-com-manipulados-e-injetaveis\\\/\",\"url\":\"https:\\\/\\\/doctorgmed.com\\\/produto\\\/reposicao-hormonal-com-manipulados-e-injetaveis\\\/\",\"name\":\"Reposi\u00e7\u00e3o Hormonal com Manipulados e Injet\u00e1veis - Doctor G Medical Excellence: Health Well-being and Longevity\",\"isPartOf\":{\"@id\":\"https:\\\/\\\/doctorgmed.com\\\/#website\"},\"primaryImageOfPage\":{\"@id\":\"https:\\\/\\\/doctorgmed.com\\\/produto\\\/reposicao-hormonal-com-manipulados-e-injetaveis\\\/#primaryimage\"},\"image\":{\"@id\":\"https:\\\/\\\/doctorgmed.com\\\/produto\\\/reposicao-hormonal-com-manipulados-e-injetaveis\\\/#primaryimage\"},\"thumbnailUrl\":\"https:\\\/\\\/doctorgmed.com\\\/wp-content\\\/uploads\\\/2026\\\/04\\\/gemini_generated_image_o520ooo520ooo520-removebg-preview.png\",\"datePublished\":\"2026-04-22T18:22:24+00:00\",\"dateModified\":\"2026-04-23T18:28:06+00:00\",\"description\":\"Doctor G Medical Excellence | 4243 W Hillsboro blvd Coconut Creek, 33073, FL United States \ud83d\udcde +1 (954) 638-1515\",\"breadcrumb\":{\"@id\":\"https:\\\/\\\/doctorgmed.com\\\/produto\\\/reposicao-hormonal-com-manipulados-e-injetaveis\\\/#breadcrumb\"},\"inLanguage\":\"en-US\",\"potentialAction\":[{\"@type\":\"ReadAction\",\"target\":[\"https:\\\/\\\/doctorgmed.com\\\/produto\\\/reposicao-hormonal-com-manipulados-e-injetaveis\\\/\"]}]},{\"@type\":\"ImageObject\",\"inLanguage\":\"en-US\",\"@id\":\"https:\\\/\\\/doctorgmed.com\\\/produto\\\/reposicao-hormonal-com-manipulados-e-injetaveis\\\/#primaryimage\",\"url\":\"https:\\\/\\\/doctorgmed.com\\\/wp-content\\\/uploads\\\/2026\\\/04\\\/gemini_generated_image_o520ooo520ooo520-removebg-preview.png\",\"contentUrl\":\"https:\\\/\\\/doctorgmed.com\\\/wp-content\\\/uploads\\\/2026\\\/04\\\/gemini_generated_image_o520ooo520ooo520-removebg-preview.png\",\"width\":500,\"height\":500},{\"@type\":\"BreadcrumbList\",\"@id\":\"https:\\\/\\\/doctorgmed.com\\\/produto\\\/reposicao-hormonal-com-manipulados-e-injetaveis\\\/#breadcrumb\",\"itemListElement\":[{\"@type\":\"ListItem\",\"position\":1,\"name\":\"In\u00edcio\",\"item\":\"https:\\\/\\\/doctorgmed.com\\\/\"},{\"@type\":\"ListItem\",\"position\":2,\"name\":\"Loja\",\"item\":\"https:\\\/\\\/doctorgmed.com\\\/loja\\\/\"},{\"@type\":\"ListItem\",\"position\":3,\"name\":\"Reposi\u00e7\u00e3o Hormonal com Manipulados e Injet\u00e1veis\"}]},{\"@type\":\"WebSite\",\"@id\":\"https:\\\/\\\/doctorgmed.com\\\/#website\",\"url\":\"https:\\\/\\\/doctorgmed.com\\\/\",\"name\":\"Doctor G Medical Excellence: Health Well-being and Longevity\",\"description\":\"Doctor G Medical Excellence | 4243 W Hillsboro blvd Coconut Creek, 33073, FL United States \ud83d\udcde  +1 (954) 638-1515\",\"publisher\":{\"@id\":\"https:\\\/\\\/doctorgmed.com\\\/#organization\"},\"alternateName\":\"Doctor G Medical Excellence: Health Well-being and Longevity\",\"potentialAction\":[{\"@type\":\"SearchAction\",\"target\":{\"@type\":\"EntryPoint\",\"urlTemplate\":\"https:\\\/\\\/doctorgmed.com\\\/?s={search_term_string}\"},\"query-input\":{\"@type\":\"PropertyValueSpecification\",\"valueRequired\":true,\"valueName\":\"search_term_string\"}}],\"inLanguage\":\"en-US\"},{\"@type\":[\"Organization\",\"Place\",\"MedicalClinic\"],\"@id\":\"https:\\\/\\\/doctorgmed.com\\\/#organization\",\"name\":\"Doctor G Medical Excellence: Health Well-being and Longevity\",\"alternateName\":\"Doctor G Medical Excellence: Health Well-being and Longevity\",\"url\":\"https:\\\/\\\/doctorgmed.com\\\/\",\"logo\":{\"@id\":\"https:\\\/\\\/doctorgmed.com\\\/produto\\\/reposicao-hormonal-com-manipulados-e-injetaveis\\\/#local-main-organization-logo\"},\"image\":{\"@id\":\"https:\\\/\\\/doctorgmed.com\\\/produto\\\/reposicao-hormonal-com-manipulados-e-injetaveis\\\/#local-main-organization-logo\"},\"sameAs\":[\"https:\\\/\\\/www.instagram.com\\\/p\\\/DGUBdcpxKmB\\\/\"],\"description\":\"Doctor G Medical Excellence | 4243 W Hillsboro blvd Coconut Creek, 33073, FL United States \ud83d\udcde +1 (954) 638-1515\",\"foundingDate\":\"2000-02-24\",\"numberOfEmployees\":{\"@type\":\"QuantitativeValue\",\"minValue\":\"201\",\"maxValue\":\"500\"},\"publishingPrinciples\":\"https:\\\/\\\/doctorgmed.com\\\/contato\\\/\",\"ownershipFundingInfo\":\"https:\\\/\\\/doctorgmed.com\\\/contato\\\/\",\"actionableFeedbackPolicy\":\"https:\\\/\\\/doctorgmed.com\\\/contato\\\/\",\"correctionsPolicy\":\"https:\\\/\\\/doctorgmed.com\\\/contato\\\/\",\"ethicsPolicy\":\"https:\\\/\\\/doctorgmed.com\\\/contato\\\/\",\"diversityPolicy\":\"https:\\\/\\\/doctorgmed.com\\\/contato\\\/\",\"diversityStaffingReport\":\"https:\\\/\\\/doctorgmed.com\\\/contato\\\/\",\"address\":{\"@id\":\"https:\\\/\\\/doctorgmed.com\\\/produto\\\/reposicao-hormonal-com-manipulados-e-injetaveis\\\/#local-main-place-address\"},\"geo\":{\"@type\":\"GeoCoordinates\",\"latitude\":\"26.318806\",\"longitude\":\"-80.1835615\"},\"telephone\":[\"+1 (954) 638-1515\"],\"openingHoursSpecification\":[{\"@type\":\"OpeningHoursSpecification\",\"dayOfWeek\":[\"Monday\",\"Tuesday\",\"Wednesday\",\"Thursday\",\"Friday\",\"Saturday\"],\"opens\":\"09:00\",\"closes\":\"17:00\"},{\"@type\":\"OpeningHoursSpecification\",\"dayOfWeek\":[\"Sunday\"],\"opens\":\"00:00\",\"closes\":\"00:00\"}],\"email\":\"drgmed@doctorbgmed.com\"},{\"@type\":\"PostalAddress\",\"@id\":\"https:\\\/\\\/doctorgmed.com\\\/produto\\\/reposicao-hormonal-com-manipulados-e-injetaveis\\\/#local-main-place-address\",\"streetAddress\":\"4243 W Hillsboro blvd\",\"addressLocality\":\"Coconut Creek\",\"postalCode\":\"33073\",\"addressRegion\":\"Florida\",\"addressCountry\":\"US\"},{\"@type\":\"ImageObject\",\"inLanguage\":\"en-US\",\"@id\":\"https:\\\/\\\/doctorgmed.com\\\/produto\\\/reposicao-hormonal-com-manipulados-e-injetaveis\\\/#local-main-organization-logo\",\"url\":\"https:\\\/\\\/doctorgmed.com\\\/wp-content\\\/uploads\\\/2025\\\/08\\\/logo_bgmed_black.png\",\"contentUrl\":\"https:\\\/\\\/doctorgmed.com\\\/wp-content\\\/uploads\\\/2025\\\/08\\\/logo_bgmed_black.png\",\"width\":1080,\"height\":1080,\"caption\":\"Doctor G Medical Excellence: Health Well-being and Longevity\"}]}<\/script>\n<meta property=\"product:price:currency\" content=\"BRL\" \/>\n<meta property=\"og:availability\" content=\"instock\" \/>\n<meta property=\"product:availability\" content=\"instock\" \/>\n<meta property=\"product:condition\" content=\"new\" \/>\n<meta name=\"geo.placename\" content=\"Coconut Creek\" \/>\n<meta name=\"geo.position\" content=\"26.318806;-80.1835615\" \/>\n<meta name=\"geo.region\" content=\"United States (US)\" \/>\n<!-- \/ Yoast SEO Premium plugin. -->","yoast_head_json":{"title":"Reposi\u00e7\u00e3o Hormonal com Manipulados e Injet\u00e1veis - Doctor G Medical Excellence: Health Well-being and Longevity","description":"Doctor G Medical Excellence | 4243 W Hillsboro blvd Coconut Creek, 33073, FL United States \ud83d\udcde +1 (954) 638-1515","robots":{"index":"index","follow":"follow","max-snippet":"max-snippet:-1","max-image-preview":"max-image-preview:large","max-video-preview":"max-video-preview:-1"},"canonical":"https:\/\/doctorgmed.com\/en\/product\/reposicao-hormonal-com-manipulados-e-injetaveis\/","og_locale":"en_US","og_type":"article","og_title":"Reposi\u00e7\u00e3o Hormonal com Manipulados e Injet\u00e1veis","og_description":"Doctor G Medical Excellence | 4243 W Hillsboro blvd Coconut Creek, 33073, FL United States \ud83d\udcde +1 (954) 638-1515","og_url":"https:\/\/doctorgmed.com\/en\/product\/reposicao-hormonal-com-manipulados-e-injetaveis\/","og_site_name":"Doctor G Medical Excellence: Health Well-being and Longevity","article_modified_time":"2026-04-23T18:28:06+00:00","og_image":[{"width":500,"height":500,"url":"https:\/\/doctorgmed.com\/wp-content\/uploads\/2026\/04\/gemini_generated_image_o520ooo520ooo520-removebg-preview.png","type":"image\/png"}],"twitter_card":"summary_large_image","twitter_misc":{"Price":"","Availability":"In stock"},"schema":{"@context":"https:\/\/schema.org","@graph":[{"@type":"WebPage","@id":"https:\/\/doctorgmed.com\/produto\/reposicao-hormonal-com-manipulados-e-injetaveis\/","url":"https:\/\/doctorgmed.com\/produto\/reposicao-hormonal-com-manipulados-e-injetaveis\/","name":"Reposi\u00e7\u00e3o Hormonal com Manipulados e Injet\u00e1veis - Doctor G Medical Excellence: Health Well-being and Longevity","isPartOf":{"@id":"https:\/\/doctorgmed.com\/#website"},"primaryImageOfPage":{"@id":"https:\/\/doctorgmed.com\/produto\/reposicao-hormonal-com-manipulados-e-injetaveis\/#primaryimage"},"image":{"@id":"https:\/\/doctorgmed.com\/produto\/reposicao-hormonal-com-manipulados-e-injetaveis\/#primaryimage"},"thumbnailUrl":"https:\/\/doctorgmed.com\/wp-content\/uploads\/2026\/04\/gemini_generated_image_o520ooo520ooo520-removebg-preview.png","datePublished":"2026-04-22T18:22:24+00:00","dateModified":"2026-04-23T18:28:06+00:00","description":"Doctor G Medical Excellence | 4243 W Hillsboro blvd Coconut Creek, 33073, FL United States \ud83d\udcde +1 (954) 638-1515","breadcrumb":{"@id":"https:\/\/doctorgmed.com\/produto\/reposicao-hormonal-com-manipulados-e-injetaveis\/#breadcrumb"},"inLanguage":"en-US","potentialAction":[{"@type":"ReadAction","target":["https:\/\/doctorgmed.com\/produto\/reposicao-hormonal-com-manipulados-e-injetaveis\/"]}]},{"@type":"ImageObject","inLanguage":"en-US","@id":"https:\/\/doctorgmed.com\/produto\/reposicao-hormonal-com-manipulados-e-injetaveis\/#primaryimage","url":"https:\/\/doctorgmed.com\/wp-content\/uploads\/2026\/04\/gemini_generated_image_o520ooo520ooo520-removebg-preview.png","contentUrl":"https:\/\/doctorgmed.com\/wp-content\/uploads\/2026\/04\/gemini_generated_image_o520ooo520ooo520-removebg-preview.png","width":500,"height":500},{"@type":"BreadcrumbList","@id":"https:\/\/doctorgmed.com\/produto\/reposicao-hormonal-com-manipulados-e-injetaveis\/#breadcrumb","itemListElement":[{"@type":"ListItem","position":1,"name":"In\u00edcio","item":"https:\/\/doctorgmed.com\/"},{"@type":"ListItem","position":2,"name":"Loja","item":"https:\/\/doctorgmed.com\/loja\/"},{"@type":"ListItem","position":3,"name":"Reposi\u00e7\u00e3o Hormonal com Manipulados e Injet\u00e1veis"}]},{"@type":"WebSite","@id":"https:\/\/doctorgmed.com\/#website","url":"https:\/\/doctorgmed.com\/","name":"Doctor G Medical Excellence: Health Well-being and Longevity","description":"Doctor G Medical Excellence | 4243 W Hillsboro blvd Coconut Creek, 33073, FL United States \ud83d\udcde +1 (954) 638-1515","publisher":{"@id":"https:\/\/doctorgmed.com\/#organization"},"alternateName":"Doctor G Medical Excellence: Health Well-being and Longevity","potentialAction":[{"@type":"SearchAction","target":{"@type":"EntryPoint","urlTemplate":"https:\/\/doctorgmed.com\/?s={search_term_string}"},"query-input":{"@type":"PropertyValueSpecification","valueRequired":true,"valueName":"search_term_string"}}],"inLanguage":"en-US"},{"@type":["Organization","Place","MedicalClinic"],"@id":"https:\/\/doctorgmed.com\/#organization","name":"Doctor G Medical Excellence: Health Well-being and Longevity","alternateName":"Doctor G Medical Excellence: Health Well-being and Longevity","url":"https:\/\/doctorgmed.com\/","logo":{"@id":"https:\/\/doctorgmed.com\/produto\/reposicao-hormonal-com-manipulados-e-injetaveis\/#local-main-organization-logo"},"image":{"@id":"https:\/\/doctorgmed.com\/produto\/reposicao-hormonal-com-manipulados-e-injetaveis\/#local-main-organization-logo"},"sameAs":["https:\/\/www.instagram.com\/p\/DGUBdcpxKmB\/"],"description":"Doctor G Medical Excellence | 4243 W Hillsboro blvd Coconut Creek, 33073, FL United States \ud83d\udcde +1 (954) 638-1515","foundingDate":"2000-02-24","numberOfEmployees":{"@type":"QuantitativeValue","minValue":"201","maxValue":"500"},"publishingPrinciples":"https:\/\/doctorgmed.com\/contato\/","ownershipFundingInfo":"https:\/\/doctorgmed.com\/contato\/","actionableFeedbackPolicy":"https:\/\/doctorgmed.com\/contato\/","correctionsPolicy":"https:\/\/doctorgmed.com\/contato\/","ethicsPolicy":"https:\/\/doctorgmed.com\/contato\/","diversityPolicy":"https:\/\/doctorgmed.com\/contato\/","diversityStaffingReport":"https:\/\/doctorgmed.com\/contato\/","address":{"@id":"https:\/\/doctorgmed.com\/produto\/reposicao-hormonal-com-manipulados-e-injetaveis\/#local-main-place-address"},"geo":{"@type":"GeoCoordinates","latitude":"26.318806","longitude":"-80.1835615"},"telephone":["+1 (954) 638-1515"],"openingHoursSpecification":[{"@type":"OpeningHoursSpecification","dayOfWeek":["Monday","Tuesday","Wednesday","Thursday","Friday","Saturday"],"opens":"09:00","closes":"17:00"},{"@type":"OpeningHoursSpecification","dayOfWeek":["Sunday"],"opens":"00:00","closes":"00:00"}],"email":"drgmed@doctorbgmed.com"},{"@type":"PostalAddress","@id":"https:\/\/doctorgmed.com\/produto\/reposicao-hormonal-com-manipulados-e-injetaveis\/#local-main-place-address","streetAddress":"4243 W Hillsboro blvd","addressLocality":"Coconut Creek","postalCode":"33073","addressRegion":"Florida","addressCountry":"US"},{"@type":"ImageObject","inLanguage":"en-US","@id":"https:\/\/doctorgmed.com\/produto\/reposicao-hormonal-com-manipulados-e-injetaveis\/#local-main-organization-logo","url":"https:\/\/doctorgmed.com\/wp-content\/uploads\/2025\/08\/logo_bgmed_black.png","contentUrl":"https:\/\/doctorgmed.com\/wp-content\/uploads\/2025\/08\/logo_bgmed_black.png","width":1080,"height":1080,"caption":"Doctor G Medical Excellence: Health Well-being and Longevity"}]},"product_price_currency":"BRL","og_availability":"instock","product_availability":"instock","product_condition":"new","geo.placename":"Coconut Creek","geo.position":{"lat":"26.318806","long":"-80.1835615"},"geo.region":"United States (US)"},"_links":{"self":[{"href":"https:\/\/doctorgmed.com\/en\/wp-json\/wp\/v2\/product\/6674","targetHints":{"allow":["GET"]}}],"collection":[{"href":"https:\/\/doctorgmed.com\/en\/wp-json\/wp\/v2\/product"}],"about":[{"href":"https:\/\/doctorgmed.com\/en\/wp-json\/wp\/v2\/types\/product"}],"replies":[{"embeddable":true,"href":"https:\/\/doctorgmed.com\/en\/wp-json\/wp\/v2\/comments?post=6674"}],"wp:featuredmedia":[{"embeddable":true,"href":"https:\/\/doctorgmed.com\/en\/wp-json\/wp\/v2\/media\/6677"}],"wp:attachment":[{"href":"https:\/\/doctorgmed.com\/en\/wp-json\/wp\/v2\/media?parent=6674"}],"wp:term":[{"taxonomy":"product_brand","embeddable":true,"href":"https:\/\/doctorgmed.com\/en\/wp-json\/wp\/v2\/product_brand?post=6674"},{"taxonomy":"product_cat","embeddable":true,"href":"https:\/\/doctorgmed.com\/en\/wp-json\/wp\/v2\/product_cat?post=6674"},{"taxonomy":"product_tag","embeddable":true,"href":"https:\/\/doctorgmed.com\/en\/wp-json\/wp\/v2\/product_tag?post=6674"}],"curies":[{"name":"wp","href":"https:\/\/api.w.org\/{rel}","templated":true}]}}