{"id":4963,"date":"2026-01-26T21:15:17","date_gmt":"2026-01-26T21:15:17","guid":{"rendered":"https:\/\/drbgmed.davi.dev.br\/?post_type=product&#038;p=4963"},"modified":"2026-02-20T18:33:11","modified_gmt":"2026-02-20T18:33:11","slug":"terapia-por-injecoes-terapeuticas","status":"publish","type":"product","link":"https:\/\/doctorgmed.com\/en\/product\/terapia-por-injecoes-terapeuticas\/","title":{"rendered":"Therapy with Therapeutic Injections"},"content":{"rendered":"<h1>Terapia por Inje\u00e7\u00f5es Terap\u00eauticas<\/h1>\n<p>A <strong>terapia por inje\u00e7\u00f5es terap\u00eauticas<\/strong> (inje\u00e7\u00f5es de infiltra\u00e7\u00e3o) \u00e9 focada no controle da dor atrav\u00e9s de inje\u00e7\u00f5es terap\u00eauticas direcionadas, projetadas para reduzir a inflama\u00e7\u00e3o e a dor[cite: 51, 54].<\/p>\n<h2>Como funciona o tratamento<\/h2>\n<p>O procedimento consiste na aplica\u00e7\u00e3o de inje\u00e7\u00f5es terap\u00eauticas direcionadas diretamente em articula\u00e7\u00f5es, m\u00fasculos e tecidos moles afetados.<\/p>\n<h2>Para que serve<\/h2>\n<ul>\n<li><strong>Redu\u00e7\u00e3o de inflama\u00e7\u00e3o e dor em articula\u00e7\u00f5es, m\u00fasculos e tecidos moles<\/strong> <\/li>\n<li><strong>Tratamento alternativo quando m\u00e9todos conservadores s\u00e3o insuficientes<\/strong> <\/li>\n<\/ul>\n<h2>Principais benef\u00edcios<\/h2>\n<ul>\n<li>Melhora da mobilidade <\/li>\n<li>Al\u00edvio do desconforto <\/li>\n<li>Apoio na recupera\u00e7\u00e3o <\/li>\n<\/ul>\n","protected":false},"excerpt":{"rendered":"<p>Therapeutic Injection Therapy (infiltration injections) uses targeted injections to reduce inflammation and pain in joints, muscles, and soft tissues. This treatment helps improve mobility, relieve discomfort, and support recovery when conservative treatments are insufficient.<\/p>","protected":false},"featured_media":5061,"comment_status":"closed","ping_status":"closed","template":"","meta":[],"product_brand":[],"product_cat":[1000],"product_tag":[],"class_list":{"0":"post-4963","1":"product","2":"type-product","3":"status-publish","4":"has-post-thumbnail","6":"product_cat-tratamentos-para-dor","8":"first","9":"instock","10":"shipping-taxable","11":"product-type-simple"},"yoast_head":"<!-- This site is optimized with the Yoast SEO Premium plugin v27.4 (Yoast SEO v27.6) - https:\/\/yoast.com\/product\/yoast-seo-premium-wordpress\/ -->\n<title>Terapia por Inje\u00e7\u00f5es Terap\u00eauticas - Doctor G Medical Excellence: Health Well-being and Longevity<\/title>\n<meta name=\"description\" content=\"Doctor G Medical Excellence | 4243 W Hillsboro blvd Coconut Creek, 33073, FL United States \ud83d\udcde +1 (954) 638-1515\" \/>\n<meta name=\"robots\" content=\"index, follow, max-snippet:-1, max-image-preview:large, max-video-preview:-1\" \/>\n<link rel=\"canonical\" href=\"https:\/\/doctorgmed.com\/en\/product\/terapia-por-injecoes-terapeuticas\/\" \/>\n<meta property=\"og:locale\" content=\"en_US\" \/>\n<meta property=\"og:type\" content=\"article\" \/>\n<meta property=\"og:title\" content=\"Terapia por Inje\u00e7\u00f5es Terap\u00eauticas\" \/>\n<meta property=\"og:description\" content=\"Doctor G Medical Excellence | 4243 W Hillsboro blvd Coconut Creek, 33073, FL United States \ud83d\udcde +1 (954) 638-1515\" \/>\n<meta property=\"og:url\" content=\"https:\/\/doctorgmed.com\/en\/product\/terapia-por-injecoes-terapeuticas\/\" \/>\n<meta property=\"og:site_name\" content=\"Doctor G Medical Excellence: Health Well-being and Longevity\" \/>\n<meta property=\"article:modified_time\" content=\"2026-02-20T18:33:11+00:00\" \/>\n<meta property=\"og:image\" content=\"https:\/\/doctorgmed.com\/wp-content\/uploads\/2026\/01\/gemini_generated_image_yjvreuyjvreuyjvr-removebg-preview.png\" \/>\n\t<meta property=\"og:image:width\" content=\"500\" \/>\n\t<meta property=\"og:image:height\" content=\"500\" \/>\n\t<meta property=\"og:image:type\" content=\"image\/png\" \/>\n<meta name=\"twitter:card\" content=\"summary_large_image\" \/>\n<meta name=\"twitter:label1\" content=\"Price\" \/>\n\t<meta name=\"twitter:data1\" content=\"\" \/>\n\t<meta name=\"twitter:label2\" content=\"Availability\" \/>\n\t<meta name=\"twitter:data2\" content=\"In stock\" \/>\n<script type=\"application\/ld+json\" class=\"yoast-schema-graph\">{\"@context\":\"https:\\\/\\\/schema.org\",\"@graph\":[{\"@type\":\"WebPage\",\"@id\":\"https:\\\/\\\/doctorgmed.com\\\/produto\\\/terapia-por-injecoes-terapeuticas\\\/\",\"url\":\"https:\\\/\\\/doctorgmed.com\\\/produto\\\/terapia-por-injecoes-terapeuticas\\\/\",\"name\":\"Terapia por Inje\u00e7\u00f5es Terap\u00eauticas - Doctor G Medical Excellence: Health Well-being and Longevity\",\"isPartOf\":{\"@id\":\"https:\\\/\\\/doctorgmed.com\\\/#website\"},\"primaryImageOfPage\":{\"@id\":\"https:\\\/\\\/doctorgmed.com\\\/produto\\\/terapia-por-injecoes-terapeuticas\\\/#primaryimage\"},\"image\":{\"@id\":\"https:\\\/\\\/doctorgmed.com\\\/produto\\\/terapia-por-injecoes-terapeuticas\\\/#primaryimage\"},\"thumbnailUrl\":\"https:\\\/\\\/doctorgmed.com\\\/wp-content\\\/uploads\\\/2026\\\/01\\\/gemini_generated_image_yjvreuyjvreuyjvr-removebg-preview.png\",\"datePublished\":\"2026-01-26T21:15:17+00:00\",\"dateModified\":\"2026-02-20T18:33:11+00:00\",\"description\":\"Doctor G Medical Excellence | 4243 W Hillsboro blvd Coconut Creek, 33073, FL United States \ud83d\udcde +1 (954) 638-1515\",\"breadcrumb\":{\"@id\":\"https:\\\/\\\/doctorgmed.com\\\/produto\\\/terapia-por-injecoes-terapeuticas\\\/#breadcrumb\"},\"inLanguage\":\"en-US\",\"potentialAction\":[{\"@type\":\"ReadAction\",\"target\":[\"https:\\\/\\\/doctorgmed.com\\\/produto\\\/terapia-por-injecoes-terapeuticas\\\/\"]}]},{\"@type\":\"ImageObject\",\"inLanguage\":\"en-US\",\"@id\":\"https:\\\/\\\/doctorgmed.com\\\/produto\\\/terapia-por-injecoes-terapeuticas\\\/#primaryimage\",\"url\":\"https:\\\/\\\/doctorgmed.com\\\/wp-content\\\/uploads\\\/2026\\\/01\\\/gemini_generated_image_yjvreuyjvreuyjvr-removebg-preview.png\",\"contentUrl\":\"https:\\\/\\\/doctorgmed.com\\\/wp-content\\\/uploads\\\/2026\\\/01\\\/gemini_generated_image_yjvreuyjvreuyjvr-removebg-preview.png\",\"width\":500,\"height\":500},{\"@type\":\"BreadcrumbList\",\"@id\":\"https:\\\/\\\/doctorgmed.com\\\/produto\\\/terapia-por-injecoes-terapeuticas\\\/#breadcrumb\",\"itemListElement\":[{\"@type\":\"ListItem\",\"position\":1,\"name\":\"In\u00edcio\",\"item\":\"https:\\\/\\\/doctorgmed.com\\\/\"},{\"@type\":\"ListItem\",\"position\":2,\"name\":\"Loja\",\"item\":\"https:\\\/\\\/doctorgmed.com\\\/loja\\\/\"},{\"@type\":\"ListItem\",\"position\":3,\"name\":\"Terapia por Inje\u00e7\u00f5es Terap\u00eauticas\"}]},{\"@type\":\"WebSite\",\"@id\":\"https:\\\/\\\/doctorgmed.com\\\/#website\",\"url\":\"https:\\\/\\\/doctorgmed.com\\\/\",\"name\":\"Doctor G Medical Excellence: Health Well-being and Longevity\",\"description\":\"Doctor G Medical Excellence | 4243 W Hillsboro blvd Coconut Creek, 33073, FL United States \ud83d\udcde  +1 (954) 638-1515\",\"publisher\":{\"@id\":\"https:\\\/\\\/doctorgmed.com\\\/#organization\"},\"alternateName\":\"Doctor G Medical Excellence: Health Well-being and Longevity\",\"potentialAction\":[{\"@type\":\"SearchAction\",\"target\":{\"@type\":\"EntryPoint\",\"urlTemplate\":\"https:\\\/\\\/doctorgmed.com\\\/?s={search_term_string}\"},\"query-input\":{\"@type\":\"PropertyValueSpecification\",\"valueRequired\":true,\"valueName\":\"search_term_string\"}}],\"inLanguage\":\"en-US\"},{\"@type\":[\"Organization\",\"Place\",\"MedicalClinic\"],\"@id\":\"https:\\\/\\\/doctorgmed.com\\\/#organization\",\"name\":\"Doctor G Medical Excellence: Health Well-being and Longevity\",\"alternateName\":\"Doctor G Medical Excellence: Health Well-being and Longevity\",\"url\":\"https:\\\/\\\/doctorgmed.com\\\/\",\"logo\":{\"@id\":\"https:\\\/\\\/doctorgmed.com\\\/produto\\\/terapia-por-injecoes-terapeuticas\\\/#local-main-organization-logo\"},\"image\":{\"@id\":\"https:\\\/\\\/doctorgmed.com\\\/produto\\\/terapia-por-injecoes-terapeuticas\\\/#local-main-organization-logo\"},\"sameAs\":[\"https:\\\/\\\/www.instagram.com\\\/p\\\/DGUBdcpxKmB\\\/\"],\"description\":\"Doctor G Medical Excellence | 4243 W Hillsboro blvd Coconut Creek, 33073, FL United States \ud83d\udcde +1 (954) 638-1515\",\"foundingDate\":\"2000-02-24\",\"numberOfEmployees\":{\"@type\":\"QuantitativeValue\",\"minValue\":\"201\",\"maxValue\":\"500\"},\"publishingPrinciples\":\"https:\\\/\\\/doctorgmed.com\\\/contato\\\/\",\"ownershipFundingInfo\":\"https:\\\/\\\/doctorgmed.com\\\/contato\\\/\",\"actionableFeedbackPolicy\":\"https:\\\/\\\/doctorgmed.com\\\/contato\\\/\",\"correctionsPolicy\":\"https:\\\/\\\/doctorgmed.com\\\/contato\\\/\",\"ethicsPolicy\":\"https:\\\/\\\/doctorgmed.com\\\/contato\\\/\",\"diversityPolicy\":\"https:\\\/\\\/doctorgmed.com\\\/contato\\\/\",\"diversityStaffingReport\":\"https:\\\/\\\/doctorgmed.com\\\/contato\\\/\",\"address\":{\"@id\":\"https:\\\/\\\/doctorgmed.com\\\/produto\\\/terapia-por-injecoes-terapeuticas\\\/#local-main-place-address\"},\"geo\":{\"@type\":\"GeoCoordinates\",\"latitude\":\"26.318806\",\"longitude\":\"-80.1835615\"},\"telephone\":[\"+1 (954) 638-1515\"],\"openingHoursSpecification\":[{\"@type\":\"OpeningHoursSpecification\",\"dayOfWeek\":[\"Monday\",\"Tuesday\",\"Wednesday\",\"Thursday\",\"Friday\",\"Saturday\"],\"opens\":\"09:00\",\"closes\":\"17:00\"},{\"@type\":\"OpeningHoursSpecification\",\"dayOfWeek\":[\"Sunday\"],\"opens\":\"00:00\",\"closes\":\"00:00\"}],\"email\":\"drgmed@doctorbgmed.com\"},{\"@type\":\"PostalAddress\",\"@id\":\"https:\\\/\\\/doctorgmed.com\\\/produto\\\/terapia-por-injecoes-terapeuticas\\\/#local-main-place-address\",\"streetAddress\":\"4243 W Hillsboro blvd\",\"addressLocality\":\"Coconut Creek\",\"postalCode\":\"33073\",\"addressRegion\":\"Florida\",\"addressCountry\":\"US\"},{\"@type\":\"ImageObject\",\"inLanguage\":\"en-US\",\"@id\":\"https:\\\/\\\/doctorgmed.com\\\/produto\\\/terapia-por-injecoes-terapeuticas\\\/#local-main-organization-logo\",\"url\":\"https:\\\/\\\/doctorgmed.com\\\/wp-content\\\/uploads\\\/2025\\\/08\\\/logo_bgmed_black.png\",\"contentUrl\":\"https:\\\/\\\/doctorgmed.com\\\/wp-content\\\/uploads\\\/2025\\\/08\\\/logo_bgmed_black.png\",\"width\":1080,\"height\":1080,\"caption\":\"Doctor G Medical Excellence: Health Well-being and Longevity\"}]}<\/script>\n<meta property=\"product:price:currency\" content=\"BRL\" \/>\n<meta property=\"og:availability\" content=\"instock\" \/>\n<meta property=\"product:availability\" content=\"instock\" \/>\n<meta property=\"product:condition\" content=\"new\" \/>\n<meta name=\"geo.placename\" content=\"Coconut Creek\" \/>\n<meta name=\"geo.position\" content=\"26.318806;-80.1835615\" \/>\n<meta name=\"geo.region\" content=\"United States (US)\" \/>\n<!-- \/ Yoast SEO Premium plugin. -->","yoast_head_json":{"title":"Terapia por Inje\u00e7\u00f5es Terap\u00eauticas - Doctor G Medical Excellence: Health Well-being and Longevity","description":"Doctor G Medical Excellence | 4243 W Hillsboro blvd Coconut Creek, 33073, FL United States \ud83d\udcde +1 (954) 638-1515","robots":{"index":"index","follow":"follow","max-snippet":"max-snippet:-1","max-image-preview":"max-image-preview:large","max-video-preview":"max-video-preview:-1"},"canonical":"https:\/\/doctorgmed.com\/en\/product\/terapia-por-injecoes-terapeuticas\/","og_locale":"en_US","og_type":"article","og_title":"Terapia por Inje\u00e7\u00f5es Terap\u00eauticas","og_description":"Doctor G Medical Excellence | 4243 W Hillsboro blvd Coconut Creek, 33073, FL United States \ud83d\udcde +1 (954) 638-1515","og_url":"https:\/\/doctorgmed.com\/en\/product\/terapia-por-injecoes-terapeuticas\/","og_site_name":"Doctor G Medical Excellence: Health Well-being and Longevity","article_modified_time":"2026-02-20T18:33:11+00:00","og_image":[{"width":500,"height":500,"url":"https:\/\/doctorgmed.com\/wp-content\/uploads\/2026\/01\/gemini_generated_image_yjvreuyjvreuyjvr-removebg-preview.png","type":"image\/png"}],"twitter_card":"summary_large_image","twitter_misc":{"Price":"","Availability":"In stock"},"schema":{"@context":"https:\/\/schema.org","@graph":[{"@type":"WebPage","@id":"https:\/\/doctorgmed.com\/produto\/terapia-por-injecoes-terapeuticas\/","url":"https:\/\/doctorgmed.com\/produto\/terapia-por-injecoes-terapeuticas\/","name":"Terapia por Inje\u00e7\u00f5es Terap\u00eauticas - Doctor G Medical Excellence: Health Well-being and Longevity","isPartOf":{"@id":"https:\/\/doctorgmed.com\/#website"},"primaryImageOfPage":{"@id":"https:\/\/doctorgmed.com\/produto\/terapia-por-injecoes-terapeuticas\/#primaryimage"},"image":{"@id":"https:\/\/doctorgmed.com\/produto\/terapia-por-injecoes-terapeuticas\/#primaryimage"},"thumbnailUrl":"https:\/\/doctorgmed.com\/wp-content\/uploads\/2026\/01\/gemini_generated_image_yjvreuyjvreuyjvr-removebg-preview.png","datePublished":"2026-01-26T21:15:17+00:00","dateModified":"2026-02-20T18:33:11+00:00","description":"Doctor G Medical Excellence | 4243 W Hillsboro blvd Coconut Creek, 33073, FL United States \ud83d\udcde +1 (954) 638-1515","breadcrumb":{"@id":"https:\/\/doctorgmed.com\/produto\/terapia-por-injecoes-terapeuticas\/#breadcrumb"},"inLanguage":"en-US","potentialAction":[{"@type":"ReadAction","target":["https:\/\/doctorgmed.com\/produto\/terapia-por-injecoes-terapeuticas\/"]}]},{"@type":"ImageObject","inLanguage":"en-US","@id":"https:\/\/doctorgmed.com\/produto\/terapia-por-injecoes-terapeuticas\/#primaryimage","url":"https:\/\/doctorgmed.com\/wp-content\/uploads\/2026\/01\/gemini_generated_image_yjvreuyjvreuyjvr-removebg-preview.png","contentUrl":"https:\/\/doctorgmed.com\/wp-content\/uploads\/2026\/01\/gemini_generated_image_yjvreuyjvreuyjvr-removebg-preview.png","width":500,"height":500},{"@type":"BreadcrumbList","@id":"https:\/\/doctorgmed.com\/produto\/terapia-por-injecoes-terapeuticas\/#breadcrumb","itemListElement":[{"@type":"ListItem","position":1,"name":"In\u00edcio","item":"https:\/\/doctorgmed.com\/"},{"@type":"ListItem","position":2,"name":"Loja","item":"https:\/\/doctorgmed.com\/loja\/"},{"@type":"ListItem","position":3,"name":"Terapia por Inje\u00e7\u00f5es Terap\u00eauticas"}]},{"@type":"WebSite","@id":"https:\/\/doctorgmed.com\/#website","url":"https:\/\/doctorgmed.com\/","name":"Doctor G Medical Excellence: Health Well-being and Longevity","description":"Doctor G Medical Excellence | 4243 W Hillsboro blvd Coconut Creek, 33073, FL United States \ud83d\udcde +1 (954) 638-1515","publisher":{"@id":"https:\/\/doctorgmed.com\/#organization"},"alternateName":"Doctor G Medical Excellence: Health Well-being and Longevity","potentialAction":[{"@type":"SearchAction","target":{"@type":"EntryPoint","urlTemplate":"https:\/\/doctorgmed.com\/?s={search_term_string}"},"query-input":{"@type":"PropertyValueSpecification","valueRequired":true,"valueName":"search_term_string"}}],"inLanguage":"en-US"},{"@type":["Organization","Place","MedicalClinic"],"@id":"https:\/\/doctorgmed.com\/#organization","name":"Doctor G Medical Excellence: Health Well-being and Longevity","alternateName":"Doctor G Medical Excellence: Health Well-being and Longevity","url":"https:\/\/doctorgmed.com\/","logo":{"@id":"https:\/\/doctorgmed.com\/produto\/terapia-por-injecoes-terapeuticas\/#local-main-organization-logo"},"image":{"@id":"https:\/\/doctorgmed.com\/produto\/terapia-por-injecoes-terapeuticas\/#local-main-organization-logo"},"sameAs":["https:\/\/www.instagram.com\/p\/DGUBdcpxKmB\/"],"description":"Doctor G Medical Excellence | 4243 W Hillsboro blvd Coconut Creek, 33073, FL United States \ud83d\udcde +1 (954) 638-1515","foundingDate":"2000-02-24","numberOfEmployees":{"@type":"QuantitativeValue","minValue":"201","maxValue":"500"},"publishingPrinciples":"https:\/\/doctorgmed.com\/contato\/","ownershipFundingInfo":"https:\/\/doctorgmed.com\/contato\/","actionableFeedbackPolicy":"https:\/\/doctorgmed.com\/contato\/","correctionsPolicy":"https:\/\/doctorgmed.com\/contato\/","ethicsPolicy":"https:\/\/doctorgmed.com\/contato\/","diversityPolicy":"https:\/\/doctorgmed.com\/contato\/","diversityStaffingReport":"https:\/\/doctorgmed.com\/contato\/","address":{"@id":"https:\/\/doctorgmed.com\/produto\/terapia-por-injecoes-terapeuticas\/#local-main-place-address"},"geo":{"@type":"GeoCoordinates","latitude":"26.318806","longitude":"-80.1835615"},"telephone":["+1 (954) 638-1515"],"openingHoursSpecification":[{"@type":"OpeningHoursSpecification","dayOfWeek":["Monday","Tuesday","Wednesday","Thursday","Friday","Saturday"],"opens":"09:00","closes":"17:00"},{"@type":"OpeningHoursSpecification","dayOfWeek":["Sunday"],"opens":"00:00","closes":"00:00"}],"email":"drgmed@doctorbgmed.com"},{"@type":"PostalAddress","@id":"https:\/\/doctorgmed.com\/produto\/terapia-por-injecoes-terapeuticas\/#local-main-place-address","streetAddress":"4243 W Hillsboro blvd","addressLocality":"Coconut Creek","postalCode":"33073","addressRegion":"Florida","addressCountry":"US"},{"@type":"ImageObject","inLanguage":"en-US","@id":"https:\/\/doctorgmed.com\/produto\/terapia-por-injecoes-terapeuticas\/#local-main-organization-logo","url":"https:\/\/doctorgmed.com\/wp-content\/uploads\/2025\/08\/logo_bgmed_black.png","contentUrl":"https:\/\/doctorgmed.com\/wp-content\/uploads\/2025\/08\/logo_bgmed_black.png","width":1080,"height":1080,"caption":"Doctor G Medical Excellence: Health Well-being and Longevity"}]},"product_price_currency":"BRL","og_availability":"instock","product_availability":"instock","product_condition":"new","geo.placename":"Coconut Creek","geo.position":{"lat":"26.318806","long":"-80.1835615"},"geo.region":"United States (US)"},"_links":{"self":[{"href":"https:\/\/doctorgmed.com\/en\/wp-json\/wp\/v2\/product\/4963","targetHints":{"allow":["GET"]}}],"collection":[{"href":"https:\/\/doctorgmed.com\/en\/wp-json\/wp\/v2\/product"}],"about":[{"href":"https:\/\/doctorgmed.com\/en\/wp-json\/wp\/v2\/types\/product"}],"replies":[{"embeddable":true,"href":"https:\/\/doctorgmed.com\/en\/wp-json\/wp\/v2\/comments?post=4963"}],"wp:featuredmedia":[{"embeddable":true,"href":"https:\/\/doctorgmed.com\/en\/wp-json\/wp\/v2\/media\/5061"}],"wp:attachment":[{"href":"https:\/\/doctorgmed.com\/en\/wp-json\/wp\/v2\/media?parent=4963"}],"wp:term":[{"taxonomy":"product_brand","embeddable":true,"href":"https:\/\/doctorgmed.com\/en\/wp-json\/wp\/v2\/product_brand?post=4963"},{"taxonomy":"product_cat","embeddable":true,"href":"https:\/\/doctorgmed.com\/en\/wp-json\/wp\/v2\/product_cat?post=4963"},{"taxonomy":"product_tag","embeddable":true,"href":"https:\/\/doctorgmed.com\/en\/wp-json\/wp\/v2\/product_tag?post=4963"}],"curies":[{"name":"wp","href":"https:\/\/api.w.org\/{rel}","templated":true}]}}